{"id":6,"date":"2022-01-07T12:14:01","date_gmt":"2022-01-07T12:14:01","guid":{"rendered":"https:\/\/www.fannymarais.com\/?page_id=6"},"modified":"2025-05-06T15:05:55","modified_gmt":"2025-05-06T15:05:55","slug":"work-in-progress","status":"publish","type":"page","link":"https:\/\/www.fannymarais.com\/","title":{"rendered":"www.fannymarais.com"},"content":{"rendered":"<div class=\"wp-block-image\">\r\n<figure class=\"aligncenter size-full is-resized\"><img decoding=\"async\" class=\"wp-image-11\" src=\"https:\/\/www.fannymarais.com\/wp-content\/uploads\/2022\/01\/sigle-White-transp.gif\" alt=\"\" width=\"21\" height=\"29\" \/><\/figure>\r\n<\/div>\r\n\r\n\r\n<p><img decoding=\"async\" class=\"aligncenter wp-image-58 size-full\" src=\"https:\/\/www.fannymarais.com\/wp-content\/uploads\/2023\/01\/logo-fannymarais-2023-noir600.gif\" alt=\"Logo Fanny Marais\" width=\"300\" height=\"auto\" \/><\/p>\r\n\r\n\r\n\r\n<p class=\"wp-block-image aligncenter size-full is-resized\">Directrice artistique freelance depuis 2003,\u00a0 je suis sp\u00e9cialis\u00e9e dans la <strong>cr\u00e9ation graphique<\/strong>, <strong>l&rsquo;identit\u00e9 de marque<\/strong> et le <strong>webdesign de sites internet<\/strong>. <br \/>Je vous propose des <strong>solutions sur-mesure<\/strong>, aussi bien dans la mise en place de <strong>supports imprim\u00e9s<\/strong> que dans le domaine de la <strong>communication num\u00e9rique<\/strong>.<\/p>\r\n<p style=\"text-align: center;\"><img decoding=\"async\" class=\"wp-image-59  aligncenter\" title=\"feuille de ginko\" src=\"https:\/\/www.fannymarais.com\/wp-content\/uploads\/2023\/01\/ginko-small-150x94.png\" alt=\"feuille de ginko\" width=\"50\" height=\"auto\" \/><\/p>\r\n<!-- Bouton -->\r\n<p class=\"VoirPortfolio\" style=\"text-align: center;\"><a href=\"https:\/\/fannymarais.com\/Portfolio\" data-type=\"URL\" data-id=\"fannymarais.com\/Portfolio\"><button type=\"button\">Acc\u00e9der au <strong>portfolio graphique<\/strong>\u00a0<\/button><\/a><\/p>\r\n\r\n<p>&nbsp;<\/p>\r\n<p class=\"wp-block-image aligncenter size-full is-resized\">&#8230;mais aussi artiste, je <strong>dessine<\/strong> dans mes <strong>carnets mes voyages<\/strong>, mon quotidien, mon environnement, et beaucoup de <strong>nus<\/strong>.<\/p>\r\n<p style=\"text-align: center;\"><img decoding=\"async\" class=\"wp-image-59  aligncenter\" title=\"feuille de ginko\" src=\"https:\/\/www.fannymarais.com\/wp-content\/uploads\/2023\/01\/ginko-small-150x94.png\" alt=\"feuille de ginko\" width=\"50\" height=\"auto\" \/><\/p>\r\n<!-- Bouton -->\r\n<p class=\"VoirPortfolio\" style=\"text-align: center;\"><a href=\"https:\/\/fannymarais.com\/arts\" data-type=\"URL\" data-id=\"fannymarais.com\/Portfolio\"><button type=\"button\">Acc\u00e9der au <strong>portfolio artistique<\/strong> <\/button><\/a><\/p>\r\n","protected":false},"excerpt":{"rendered":"<p>Directrice artistique freelance depuis 2003,\u00a0 je suis sp\u00e9cialis\u00e9e dans la cr\u00e9ation graphique, l&rsquo;identit\u00e9 de marque et le webdesign de sites internet. Je vous propose des solutions sur-mesure, aussi bien dans la mise en place de supports imprim\u00e9s que dans le domaine de la communication num\u00e9rique. Acc\u00e9der au portfolio graphique\u00a0 &nbsp; &#8230;mais aussi artiste, je dessine [&hellip;]<\/p>\n","protected":false},"author":2,"featured_media":0,"parent":2,"menu_order":0,"comment_status":"closed","ping_status":"closed","template":"templates\/landing.php","meta":{"footnotes":""},"class_list":["post-6","page","type-page","status-publish","hentry","entry"],"_links":{"self":[{"href":"https:\/\/www.fannymarais.com\/index.php?rest_route=\/wp\/v2\/pages\/6","targetHints":{"allow":["GET"]}}],"collection":[{"href":"https:\/\/www.fannymarais.com\/index.php?rest_route=\/wp\/v2\/pages"}],"about":[{"href":"https:\/\/www.fannymarais.com\/index.php?rest_route=\/wp\/v2\/types\/page"}],"author":[{"embeddable":true,"href":"https:\/\/www.fannymarais.com\/index.php?rest_route=\/wp\/v2\/users\/2"}],"replies":[{"embeddable":true,"href":"https:\/\/www.fannymarais.com\/index.php?rest_route=%2Fwp%2Fv2%2Fcomments&post=6"}],"version-history":[{"count":38,"href":"https:\/\/www.fannymarais.com\/index.php?rest_route=\/wp\/v2\/pages\/6\/revisions"}],"predecessor-version":[{"id":86,"href":"https:\/\/www.fannymarais.com\/index.php?rest_route=\/wp\/v2\/pages\/6\/revisions\/86"}],"up":[{"embeddable":true,"href":"https:\/\/www.fannymarais.com\/index.php?rest_route=\/wp\/v2\/pages\/2"}],"wp:attachment":[{"href":"https:\/\/www.fannymarais.com\/index.php?rest_route=%2Fwp%2Fv2%2Fmedia&parent=6"}],"curies":[{"name":"wp","href":"https:\/\/api.w.org\/{rel}","templated":true}]}}